{"id":325,"date":"2022-11-06T12:56:15","date_gmt":"2022-11-06T12:56:15","guid":{"rendered":"https:\/\/epler-lorenz.ee\/?page_id=325"},"modified":"2024-02-29T12:54:45","modified_gmt":"2024-02-29T12:54:45","slug":"collecting-stations","status":"publish","type":"page","link":"https:\/\/epler-lorenz.ee\/en\/collecting-stations\/","title":{"rendered":"Collecting stations"},"content":{"rendered":"<p>In collecting stations we accept only civilians waste, companies should <a href=\"https:\/\/epler-lorenz.ee\/en\/contact\/\">contact us<\/a>.<\/p>\n<p>&nbsp;<\/p>\n<h1>Locations<\/h1>\n<p>&nbsp;<\/p>\n<table border=\"0\" width=\"600\" cellspacing=\"0\" cellpadding=\"0\">\n<tbody>\n<tr>\n<td width=\"50%\"><strong>Service area<\/strong><\/td>\n<td><strong>Address<\/strong><\/td>\n<\/tr>\n<tr>\n<td>\n<h2>HARJUMAA<\/h2>\n<\/td>\n<td><\/td>\n<\/tr>\n<tr>\n<td>Saue linn<\/td>\n<td>Kasesalu 5<\/td>\n<\/tr>\n<tr>\n<td>\n<div style=\"white-space: pre;\"><\/div>\n<\/td>\n<td><\/td>\n<\/tr>\n<tr>\n<td>\n<h2>IDA-VIRUMAA<\/h2>\n<\/td>\n<td><\/td>\n<\/tr>\n<tr>\n<td>Sillam\u00e4e linn<\/td>\n<td>Lev Tolstoi L2<\/td>\n<\/tr>\n<tr>\n<td>Toila vald<\/td>\n<td>J\u00e4rve k\u00fcla<\/td>\n<\/tr>\n<tr>\n<td>Toila vald<\/td>\n<td>Kohtla-N\u00f5mme alev<\/td>\n<\/tr>\n<tr>\n<td>Toila vald<\/td>\n<td>Toila alevik<\/td>\n<\/tr>\n<tr>\n<td>Toila vald<\/td>\n<td>Voka alevik<\/td>\n<\/tr>\n<tr>\n<td>\n<div style=\"white-space: pre;\"><\/div>\n<\/td>\n<td><\/td>\n<\/tr>\n<tr>\n<td>\n<h2>J\u00d5GEVAMAA<\/h2>\n<\/td>\n<td><\/td>\n<\/tr>\n<tr>\n<td>Mustvee vald<\/td>\n<td>K\u00e4\u00e4pa k\u00fcla<\/td>\n<\/tr>\n<tr>\n<td>Mustvee vald<\/td>\n<td>Voore k\u00fcla<\/td>\n<\/tr>\n<tr>\n<td>P\u00f5ltsamaa vald<\/td>\n<td>Puurmani alevik<\/td>\n<\/tr>\n<tr>\n<td>P\u00f5ltsamaa vald<\/td>\n<td>Pauastvere k\u00fcla<\/td>\n<\/tr>\n<tr>\n<td>\n<div style=\"white-space: pre;\"><\/div>\n<\/td>\n<td><\/td>\n<\/tr>\n<tr>\n<td>\n<h2>L\u00c4\u00c4NEMAA<\/h2>\n<\/td>\n<td><\/td>\n<\/tr>\n<tr>\n<td>\u00a0L\u00e4\u00e4ne-Nigula vald<\/td>\n<td>\u00a0P\u00fcrksi k\u00fcla<\/td>\n<\/tr>\n<tr>\n<td>\n<div style=\"white-space: pre;\"><\/div>\n<\/td>\n<td><\/td>\n<\/tr>\n<tr>\n<td>\n<h2>L\u00c4\u00c4NE-VIRUMAA<\/h2>\n<\/td>\n<td><\/td>\n<\/tr>\n<tr>\n<td>Vinni vald<\/td>\n<td>Laekvere alevik<\/td>\n<\/tr>\n<tr>\n<td>\n<div style=\"white-space: pre;\"><\/div>\n<\/td>\n<td><\/td>\n<\/tr>\n<tr>\n<td>\n<h2>P\u00d5LVAMAA<\/h2>\n<\/td>\n<td><\/td>\n<\/tr>\n<tr>\n<td>P\u00f5lva vald<\/td>\n<td>Ahja alevik<\/td>\n<\/tr>\n<tr>\n<td>\n<div style=\"white-space: pre;\"><\/div>\n<\/td>\n<td><\/td>\n<\/tr>\n<tr>\n<td>\n<h2>TARTUMAA<\/h2>\n<\/td>\n<td><\/td>\n<\/tr>\n<tr>\n<td>Luunja vald<\/td>\n<td>Luunja alevik<\/td>\n<\/tr>\n<tr>\n<td>Peipsi\u00e4\u00e4re vald<\/td>\n<td>Alatskivi alevik<\/td>\n<\/tr>\n<tr>\n<td>Peipsi\u00e4\u00e4re vald<\/td>\n<td>Vara k\u00fcla<\/td>\n<\/tr>\n<tr>\n<td>\n<div style=\"white-space: pre;\"><\/div>\n<\/td>\n<td><\/td>\n<\/tr>\n<tr>\n<td>\n<h2>VALGAMAA<\/h2>\n<\/td>\n<td><\/td>\n<\/tr>\n<tr>\n<td>T\u00f5rva vald<\/td>\n<td>M\u00f6ldre k\u00fcla<\/td>\n<\/tr>\n<tr>\n<td>\n<div style=\"white-space: pre;\"><\/div>\n<\/td>\n<td><\/td>\n<\/tr>\n<tr>\n<td>\n<h2>VILJANDIMAA<\/h2>\n<\/td>\n<td><\/td>\n<\/tr>\n<tr>\n<td>\n<div>Mulgi vald<\/div>\n<\/td>\n<td>Karksi-Nuia linn<\/td>\n<\/tr>\n<tr>\n<td>Mulgi vald<\/td>\n<td>Abja-Paluoja linn<\/td>\n<\/tr>\n<tr>\n<td>Mulgi vald<\/td>\n<td>M\u00f5isak\u00fcla linn<\/td>\n<\/tr>\n<tr>\n<td>\n<div style=\"white-space: pre;\"><\/div>\n<\/td>\n<td><\/td>\n<\/tr>\n<tr>\n<td>\n<h2>V\u00d5RUMAA<\/h2>\n<\/td>\n<td><\/td>\n<\/tr>\n<tr>\n<td>Antsla vald<\/td>\n<td>Lusti k\u00fcla<\/td>\n<\/tr>\n<tr>\n<td><\/td>\n<td><\/td>\n<\/tr>\n<\/tbody>\n<\/table>\n","protected":false},"excerpt":{"rendered":"<p>In collecting stations we accept only civilians waste, companies should contact us. &nbsp; Locations &nbsp; Service area Address HARJUMAA Saue linn Kasesalu 5 IDA-VIRUMAA Sillam\u00e4e linn Lev Tolstoi L2 Toila vald J\u00e4rve k\u00fcla Toila vald Kohtla-N\u00f5mme alev Toila vald Toila alevik Toila vald Voka alevik J\u00d5GEVAMAA Mustvee vald K\u00e4\u00e4pa k\u00fcla Mustvee vald Voore k\u00fcla P\u00f5ltsamaa [&hellip;]<\/p>\n","protected":false},"author":1,"featured_media":0,"parent":0,"menu_order":0,"comment_status":"closed","ping_status":"closed","template":"","meta":{"_acf_changed":false,"footnotes":""},"class_list":["post-325","page","type-page","status-publish","hentry"],"acf":[],"yoast_head":"<!-- This site is optimized with the Yoast SEO plugin v27.3 - https:\/\/yoast.com\/product\/yoast-seo-wordpress\/ -->\n<title>Collecting stations - AS Epler &amp; Lorenz<\/title>\n<meta name=\"robots\" content=\"index, follow, max-snippet:-1, max-image-preview:large, max-video-preview:-1\" \/>\n<link rel=\"canonical\" href=\"https:\/\/epler-lorenz.ee\/en\/collecting-stations\/\" \/>\n<meta property=\"og:locale\" content=\"en_US\" \/>\n<meta property=\"og:type\" content=\"article\" \/>\n<meta property=\"og:title\" content=\"Collecting stations - AS Epler &amp; Lorenz\" \/>\n<meta property=\"og:description\" content=\"In collecting stations we accept only civilians waste, companies should contact us. &nbsp; Locations &nbsp; Service area Address HARJUMAA Saue linn Kasesalu 5 IDA-VIRUMAA Sillam\u00e4e linn Lev Tolstoi L2 Toila vald J\u00e4rve k\u00fcla Toila vald Kohtla-N\u00f5mme alev Toila vald Toila alevik Toila vald Voka alevik J\u00d5GEVAMAA Mustvee vald K\u00e4\u00e4pa k\u00fcla Mustvee vald Voore k\u00fcla P\u00f5ltsamaa [&hellip;]\" \/>\n<meta property=\"og:url\" content=\"https:\/\/epler-lorenz.ee\/en\/collecting-stations\/\" \/>\n<meta property=\"og:site_name\" content=\"AS Epler &amp; Lorenz\" \/>\n<meta property=\"article:modified_time\" content=\"2024-02-29T12:54:45+00:00\" \/>\n<meta name=\"twitter:card\" content=\"summary_large_image\" \/>\n<meta name=\"twitter:label1\" content=\"Est. reading time\" \/>\n\t<meta name=\"twitter:data1\" content=\"1 minute\" \/>\n<script type=\"application\/ld+json\" class=\"yoast-schema-graph\">{\"@context\":\"https:\\\/\\\/schema.org\",\"@graph\":[{\"@type\":\"WebPage\",\"@id\":\"https:\\\/\\\/epler-lorenz.ee\\\/en\\\/collecting-stations\\\/\",\"url\":\"https:\\\/\\\/epler-lorenz.ee\\\/en\\\/collecting-stations\\\/\",\"name\":\"Collecting stations - AS Epler &amp; Lorenz\",\"isPartOf\":{\"@id\":\"https:\\\/\\\/epler-lorenz.ee\\\/#website\"},\"datePublished\":\"2022-11-06T12:56:15+00:00\",\"dateModified\":\"2024-02-29T12:54:45+00:00\",\"breadcrumb\":{\"@id\":\"https:\\\/\\\/epler-lorenz.ee\\\/en\\\/collecting-stations\\\/#breadcrumb\"},\"inLanguage\":\"en-US\",\"potentialAction\":[{\"@type\":\"ReadAction\",\"target\":[\"https:\\\/\\\/epler-lorenz.ee\\\/en\\\/collecting-stations\\\/\"]}]},{\"@type\":\"BreadcrumbList\",\"@id\":\"https:\\\/\\\/epler-lorenz.ee\\\/en\\\/collecting-stations\\\/#breadcrumb\",\"itemListElement\":[{\"@type\":\"ListItem\",\"position\":1,\"name\":\"Home\",\"item\":\"https:\\\/\\\/epler-lorenz.ee\\\/en\\\/\"},{\"@type\":\"ListItem\",\"position\":2,\"name\":\"Collecting stations\"}]},{\"@type\":\"WebSite\",\"@id\":\"https:\\\/\\\/epler-lorenz.ee\\\/#website\",\"url\":\"https:\\\/\\\/epler-lorenz.ee\\\/\",\"name\":\"AS Epler &amp; Lorenz\",\"description\":\"\",\"potentialAction\":[{\"@type\":\"SearchAction\",\"target\":{\"@type\":\"EntryPoint\",\"urlTemplate\":\"https:\\\/\\\/epler-lorenz.ee\\\/?s={search_term_string}\"},\"query-input\":{\"@type\":\"PropertyValueSpecification\",\"valueRequired\":true,\"valueName\":\"search_term_string\"}}],\"inLanguage\":\"en-US\"}]}<\/script>\n<!-- \/ Yoast SEO plugin. -->","yoast_head_json":{"title":"Collecting stations - AS Epler &amp; Lorenz","robots":{"index":"index","follow":"follow","max-snippet":"max-snippet:-1","max-image-preview":"max-image-preview:large","max-video-preview":"max-video-preview:-1"},"canonical":"https:\/\/epler-lorenz.ee\/en\/collecting-stations\/","og_locale":"en_US","og_type":"article","og_title":"Collecting stations - AS Epler &amp; Lorenz","og_description":"In collecting stations we accept only civilians waste, companies should contact us. &nbsp; Locations &nbsp; Service area Address HARJUMAA Saue linn Kasesalu 5 IDA-VIRUMAA Sillam\u00e4e linn Lev Tolstoi L2 Toila vald J\u00e4rve k\u00fcla Toila vald Kohtla-N\u00f5mme alev Toila vald Toila alevik Toila vald Voka alevik J\u00d5GEVAMAA Mustvee vald K\u00e4\u00e4pa k\u00fcla Mustvee vald Voore k\u00fcla P\u00f5ltsamaa [&hellip;]","og_url":"https:\/\/epler-lorenz.ee\/en\/collecting-stations\/","og_site_name":"AS Epler &amp; Lorenz","article_modified_time":"2024-02-29T12:54:45+00:00","twitter_card":"summary_large_image","twitter_misc":{"Est. reading time":"1 minute"},"schema":{"@context":"https:\/\/schema.org","@graph":[{"@type":"WebPage","@id":"https:\/\/epler-lorenz.ee\/en\/collecting-stations\/","url":"https:\/\/epler-lorenz.ee\/en\/collecting-stations\/","name":"Collecting stations - AS Epler &amp; Lorenz","isPartOf":{"@id":"https:\/\/epler-lorenz.ee\/#website"},"datePublished":"2022-11-06T12:56:15+00:00","dateModified":"2024-02-29T12:54:45+00:00","breadcrumb":{"@id":"https:\/\/epler-lorenz.ee\/en\/collecting-stations\/#breadcrumb"},"inLanguage":"en-US","potentialAction":[{"@type":"ReadAction","target":["https:\/\/epler-lorenz.ee\/en\/collecting-stations\/"]}]},{"@type":"BreadcrumbList","@id":"https:\/\/epler-lorenz.ee\/en\/collecting-stations\/#breadcrumb","itemListElement":[{"@type":"ListItem","position":1,"name":"Home","item":"https:\/\/epler-lorenz.ee\/en\/"},{"@type":"ListItem","position":2,"name":"Collecting stations"}]},{"@type":"WebSite","@id":"https:\/\/epler-lorenz.ee\/#website","url":"https:\/\/epler-lorenz.ee\/","name":"AS Epler &amp; Lorenz","description":"","potentialAction":[{"@type":"SearchAction","target":{"@type":"EntryPoint","urlTemplate":"https:\/\/epler-lorenz.ee\/?s={search_term_string}"},"query-input":{"@type":"PropertyValueSpecification","valueRequired":true,"valueName":"search_term_string"}}],"inLanguage":"en-US"}]}},"_links":{"self":[{"href":"https:\/\/epler-lorenz.ee\/en\/wp-json\/wp\/v2\/pages\/325","targetHints":{"allow":["GET"]}}],"collection":[{"href":"https:\/\/epler-lorenz.ee\/en\/wp-json\/wp\/v2\/pages"}],"about":[{"href":"https:\/\/epler-lorenz.ee\/en\/wp-json\/wp\/v2\/types\/page"}],"author":[{"embeddable":true,"href":"https:\/\/epler-lorenz.ee\/en\/wp-json\/wp\/v2\/users\/1"}],"replies":[{"embeddable":true,"href":"https:\/\/epler-lorenz.ee\/en\/wp-json\/wp\/v2\/comments?post=325"}],"version-history":[{"count":7,"href":"https:\/\/epler-lorenz.ee\/en\/wp-json\/wp\/v2\/pages\/325\/revisions"}],"predecessor-version":[{"id":626,"href":"https:\/\/epler-lorenz.ee\/en\/wp-json\/wp\/v2\/pages\/325\/revisions\/626"}],"wp:attachment":[{"href":"https:\/\/epler-lorenz.ee\/en\/wp-json\/wp\/v2\/media?parent=325"}],"curies":[{"name":"wp","href":"https:\/\/api.w.org\/{rel}","templated":true}]}}