{"id":332,"date":"2022-11-06T13:09:04","date_gmt":"2022-11-06T13:09:04","guid":{"rendered":"https:\/\/epler-lorenz.ee\/?page_id=332"},"modified":"2024-02-29T12:53:30","modified_gmt":"2024-02-29T12:53:30","slug":"transport","status":"publish","type":"page","link":"https:\/\/epler-lorenz.ee\/en\/prices\/transport\/","title":{"rendered":"Transport"},"content":{"rendered":"<p>Ask for a personal <a href=\"https:\/\/epler-lorenz.ee\/en\/contact\/\">price inquiry<\/a>!<\/p>\n<p>USING TANKER OR MULTILIFT TRUCK<\/p>\n<table border=\"1\" width=\"679\" cellspacing=\"1\" cellpadding=\"1\">\n<tbody>\n<tr>\n<td>Zone<\/td>\n<td>County<\/td>\n<td>Price \u20ac\/once<\/td>\n<\/tr>\n<tr>\n<td>0<\/td>\n<td>Tallinn, Tartu<\/td>\n<td>105<\/td>\n<\/tr>\n<tr>\n<td>1<\/td>\n<td>Tartu, J\u00f5geva, P\u00f5lva, V\u00f5ru, Valga, Viljandi, J\u00e4rva, Harju, Rapla, L\u00e4\u00e4ne-Viru county<\/td>\n<td>210<\/td>\n<\/tr>\n<tr>\n<td>2<\/td>\n<td>L\u00e4\u00e4ne, P\u00e4rnu, Ida-Viru county<\/td>\n<td>400<\/td>\n<\/tr>\n<tr>\n<td><\/td>\n<td>Loading time fee 75 \u20ac\/hour<\/td>\n<td><\/td>\n<\/tr>\n<\/tbody>\n<\/table>\n<p>COLLECTION ROUTE WITH VAN<\/p>\n<table border=\"1\" width=\"679\" cellspacing=\"1\" cellpadding=\"1\">\n<tbody>\n<tr>\n<td>Zone<\/td>\n<td>County<\/td>\n<td>Price \u20ac\/once<\/td>\n<\/tr>\n<tr>\n<td>0<\/td>\n<td>Tallinn, Tartu<\/td>\n<td>69<\/td>\n<\/tr>\n<tr>\n<td>1<\/td>\n<td>Tartu, J\u00f5geva, P\u00f5lva, V\u00f5ru,\u00a0Valga, Viljandi, J\u00e4rva, Harju, Rapla, L\u00e4\u00e4ne-Viru county<\/td>\n<td>105<\/td>\n<\/tr>\n<tr>\n<td>2<\/td>\n<td>L\u00e4\u00e4ne, P\u00e4rnu, Ida-Viru county<\/td>\n<td>135<\/td>\n<\/tr>\n<tr>\n<td>3<\/td>\n<td>Saare, Hiiu county<\/td>\n<td>180<\/td>\n<\/tr>\n<tr>\n<td><\/td>\n<td>Loading time fee 50 \u20ac\/hour<\/td>\n<td><\/td>\n<\/tr>\n<\/tbody>\n<\/table>\n<p><em>NB! Price for collection route contains 1-3 pallets<\/em><\/p>\n<p>ADDITIONAL SERVICE<\/p>\n<table border=\"1\" width=\"674\" cellspacing=\"1\" cellpadding=\"1\">\n<tbody>\n<tr>\n<td>Fuel tank cleaning: ask for a personal price quotation via email <strong>kristo.visnapuu@epler-lorenz.ee<\/strong><\/td>\n<td><\/td>\n<\/tr>\n<\/tbody>\n<\/table>\n<p>&#8211; Taxes\u00a0 are not included<\/p>\n","protected":false},"excerpt":{"rendered":"<p>Ask for a personal price inquiry! USING TANKER OR MULTILIFT TRUCK Zone County Price \u20ac\/once 0 Tallinn, Tartu 105 1 Tartu, J\u00f5geva, P\u00f5lva, V\u00f5ru, Valga, Viljandi, J\u00e4rva, Harju, Rapla, L\u00e4\u00e4ne-Viru county 210 2 L\u00e4\u00e4ne, P\u00e4rnu, Ida-Viru county 400 Loading time fee 75 \u20ac\/hour COLLECTION ROUTE WITH VAN Zone County Price \u20ac\/once 0 Tallinn, Tartu 69 [&hellip;]<\/p>\n","protected":false},"author":1,"featured_media":0,"parent":327,"menu_order":0,"comment_status":"closed","ping_status":"closed","template":"","meta":{"_acf_changed":false,"footnotes":""},"class_list":["post-332","page","type-page","status-publish","hentry"],"acf":[],"yoast_head":"<!-- This site is optimized with the Yoast SEO plugin v27.3 - https:\/\/yoast.com\/product\/yoast-seo-wordpress\/ -->\n<title>Transport - AS Epler &amp; Lorenz<\/title>\n<meta name=\"robots\" content=\"index, follow, max-snippet:-1, max-image-preview:large, max-video-preview:-1\" \/>\n<link rel=\"canonical\" href=\"https:\/\/epler-lorenz.ee\/en\/prices\/transport\/\" \/>\n<meta property=\"og:locale\" content=\"en_US\" \/>\n<meta property=\"og:type\" content=\"article\" \/>\n<meta property=\"og:title\" content=\"Transport - AS Epler &amp; Lorenz\" \/>\n<meta property=\"og:description\" content=\"Ask for a personal price inquiry! USING TANKER OR MULTILIFT TRUCK Zone County Price \u20ac\/once 0 Tallinn, Tartu 105 1 Tartu, J\u00f5geva, P\u00f5lva, V\u00f5ru, Valga, Viljandi, J\u00e4rva, Harju, Rapla, L\u00e4\u00e4ne-Viru county 210 2 L\u00e4\u00e4ne, P\u00e4rnu, Ida-Viru county 400 Loading time fee 75 \u20ac\/hour COLLECTION ROUTE WITH VAN Zone County Price \u20ac\/once 0 Tallinn, Tartu 69 [&hellip;]\" \/>\n<meta property=\"og:url\" content=\"https:\/\/epler-lorenz.ee\/en\/prices\/transport\/\" \/>\n<meta property=\"og:site_name\" content=\"AS Epler &amp; Lorenz\" \/>\n<meta property=\"article:modified_time\" content=\"2024-02-29T12:53:30+00:00\" \/>\n<meta name=\"twitter:card\" content=\"summary_large_image\" \/>\n<meta name=\"twitter:label1\" content=\"Est. reading time\" \/>\n\t<meta name=\"twitter:data1\" content=\"1 minute\" \/>\n<script type=\"application\/ld+json\" class=\"yoast-schema-graph\">{\"@context\":\"https:\\\/\\\/schema.org\",\"@graph\":[{\"@type\":\"WebPage\",\"@id\":\"https:\\\/\\\/epler-lorenz.ee\\\/en\\\/prices\\\/transport\\\/\",\"url\":\"https:\\\/\\\/epler-lorenz.ee\\\/en\\\/prices\\\/transport\\\/\",\"name\":\"Transport - AS Epler &amp; Lorenz\",\"isPartOf\":{\"@id\":\"https:\\\/\\\/epler-lorenz.ee\\\/#website\"},\"datePublished\":\"2022-11-06T13:09:04+00:00\",\"dateModified\":\"2024-02-29T12:53:30+00:00\",\"breadcrumb\":{\"@id\":\"https:\\\/\\\/epler-lorenz.ee\\\/en\\\/prices\\\/transport\\\/#breadcrumb\"},\"inLanguage\":\"en-US\",\"potentialAction\":[{\"@type\":\"ReadAction\",\"target\":[\"https:\\\/\\\/epler-lorenz.ee\\\/en\\\/prices\\\/transport\\\/\"]}]},{\"@type\":\"BreadcrumbList\",\"@id\":\"https:\\\/\\\/epler-lorenz.ee\\\/en\\\/prices\\\/transport\\\/#breadcrumb\",\"itemListElement\":[{\"@type\":\"ListItem\",\"position\":1,\"name\":\"Home\",\"item\":\"https:\\\/\\\/epler-lorenz.ee\\\/en\\\/\"},{\"@type\":\"ListItem\",\"position\":2,\"name\":\"Prices\",\"item\":\"https:\\\/\\\/epler-lorenz.ee\\\/en\\\/prices\\\/\"},{\"@type\":\"ListItem\",\"position\":3,\"name\":\"Transport\"}]},{\"@type\":\"WebSite\",\"@id\":\"https:\\\/\\\/epler-lorenz.ee\\\/#website\",\"url\":\"https:\\\/\\\/epler-lorenz.ee\\\/\",\"name\":\"AS Epler &amp; Lorenz\",\"description\":\"\",\"potentialAction\":[{\"@type\":\"SearchAction\",\"target\":{\"@type\":\"EntryPoint\",\"urlTemplate\":\"https:\\\/\\\/epler-lorenz.ee\\\/?s={search_term_string}\"},\"query-input\":{\"@type\":\"PropertyValueSpecification\",\"valueRequired\":true,\"valueName\":\"search_term_string\"}}],\"inLanguage\":\"en-US\"}]}<\/script>\n<!-- \/ Yoast SEO plugin. -->","yoast_head_json":{"title":"Transport - AS Epler &amp; Lorenz","robots":{"index":"index","follow":"follow","max-snippet":"max-snippet:-1","max-image-preview":"max-image-preview:large","max-video-preview":"max-video-preview:-1"},"canonical":"https:\/\/epler-lorenz.ee\/en\/prices\/transport\/","og_locale":"en_US","og_type":"article","og_title":"Transport - AS Epler &amp; Lorenz","og_description":"Ask for a personal price inquiry! USING TANKER OR MULTILIFT TRUCK Zone County Price \u20ac\/once 0 Tallinn, Tartu 105 1 Tartu, J\u00f5geva, P\u00f5lva, V\u00f5ru, Valga, Viljandi, J\u00e4rva, Harju, Rapla, L\u00e4\u00e4ne-Viru county 210 2 L\u00e4\u00e4ne, P\u00e4rnu, Ida-Viru county 400 Loading time fee 75 \u20ac\/hour COLLECTION ROUTE WITH VAN Zone County Price \u20ac\/once 0 Tallinn, Tartu 69 [&hellip;]","og_url":"https:\/\/epler-lorenz.ee\/en\/prices\/transport\/","og_site_name":"AS Epler &amp; Lorenz","article_modified_time":"2024-02-29T12:53:30+00:00","twitter_card":"summary_large_image","twitter_misc":{"Est. reading time":"1 minute"},"schema":{"@context":"https:\/\/schema.org","@graph":[{"@type":"WebPage","@id":"https:\/\/epler-lorenz.ee\/en\/prices\/transport\/","url":"https:\/\/epler-lorenz.ee\/en\/prices\/transport\/","name":"Transport - AS Epler &amp; Lorenz","isPartOf":{"@id":"https:\/\/epler-lorenz.ee\/#website"},"datePublished":"2022-11-06T13:09:04+00:00","dateModified":"2024-02-29T12:53:30+00:00","breadcrumb":{"@id":"https:\/\/epler-lorenz.ee\/en\/prices\/transport\/#breadcrumb"},"inLanguage":"en-US","potentialAction":[{"@type":"ReadAction","target":["https:\/\/epler-lorenz.ee\/en\/prices\/transport\/"]}]},{"@type":"BreadcrumbList","@id":"https:\/\/epler-lorenz.ee\/en\/prices\/transport\/#breadcrumb","itemListElement":[{"@type":"ListItem","position":1,"name":"Home","item":"https:\/\/epler-lorenz.ee\/en\/"},{"@type":"ListItem","position":2,"name":"Prices","item":"https:\/\/epler-lorenz.ee\/en\/prices\/"},{"@type":"ListItem","position":3,"name":"Transport"}]},{"@type":"WebSite","@id":"https:\/\/epler-lorenz.ee\/#website","url":"https:\/\/epler-lorenz.ee\/","name":"AS Epler &amp; Lorenz","description":"","potentialAction":[{"@type":"SearchAction","target":{"@type":"EntryPoint","urlTemplate":"https:\/\/epler-lorenz.ee\/?s={search_term_string}"},"query-input":{"@type":"PropertyValueSpecification","valueRequired":true,"valueName":"search_term_string"}}],"inLanguage":"en-US"}]}},"_links":{"self":[{"href":"https:\/\/epler-lorenz.ee\/en\/wp-json\/wp\/v2\/pages\/332","targetHints":{"allow":["GET"]}}],"collection":[{"href":"https:\/\/epler-lorenz.ee\/en\/wp-json\/wp\/v2\/pages"}],"about":[{"href":"https:\/\/epler-lorenz.ee\/en\/wp-json\/wp\/v2\/types\/page"}],"author":[{"embeddable":true,"href":"https:\/\/epler-lorenz.ee\/en\/wp-json\/wp\/v2\/users\/1"}],"replies":[{"embeddable":true,"href":"https:\/\/epler-lorenz.ee\/en\/wp-json\/wp\/v2\/comments?post=332"}],"version-history":[{"count":5,"href":"https:\/\/epler-lorenz.ee\/en\/wp-json\/wp\/v2\/pages\/332\/revisions"}],"predecessor-version":[{"id":625,"href":"https:\/\/epler-lorenz.ee\/en\/wp-json\/wp\/v2\/pages\/332\/revisions\/625"}],"up":[{"embeddable":true,"href":"https:\/\/epler-lorenz.ee\/en\/wp-json\/wp\/v2\/pages\/327"}],"wp:attachment":[{"href":"https:\/\/epler-lorenz.ee\/en\/wp-json\/wp\/v2\/media?parent=332"}],"curies":[{"name":"wp","href":"https:\/\/api.w.org\/{rel}","templated":true}]}}